{"id":8,"date":"2009-06-04T14:33:05","date_gmt":"2009-06-04T12:33:05","guid":{"rendered":"http:\/\/struplersport.ch\/v2\/?page_id=8"},"modified":"2014-09-24T14:09:20","modified_gmt":"2014-09-24T12:09:20","slug":"sport-im-alltag","status":"publish","type":"page","link":"https:\/\/struplersport.ch\/?page_id=8","title":{"rendered":"Sport im Alltag, Sportmobilit\u00e4t"},"content":{"rendered":"<p>Gesundheit und Training<\/p>\n<h1>Interessengruppen<\/h1>\n<ul>\n<li>Einzelpersonen<\/li>\n<li>Firmen und Verwaltungen<\/li>\n<li>Krankenkassen, Versicherungen<\/li>\n<li>Institutionen des Gesundheitswesens<\/li>\n<li><strong>f\u00fcr Sportmobilit\u00e4t<\/strong> auch St\u00e4dte, Gemeinden, Sportverb\u00e4nde und -vereine<\/li>\n<\/ul>\n<h1>Ihre Bed\u00fcrfnisse und Aufgaben<\/h1>\n<ul>\n<li><strong>f\u00fcr Sportmobilit\u00e4t:<\/strong> Umlagerung des Sportverkehrs auf gesunde und umweltfreundliche Verkehrstr\u00e4ger<\/li>\n<li>Bewegungs-, Gesundheits- und Trainingskonzepte f\u00fcr Gesunde und Kranke<\/li>\n<li>Gesundheits- und Bewegungstage und -wochen<\/li>\n<li>sportliche Erlebnis- und Teambildungs-Events<\/li>\n<li>Konzepte und Weiterbildungen zum Thema &#8222;Gesundheit am Arbeitsplatz&#8220;<\/li>\n<li>Fitness- und Gesundheitstests und -analysen<\/li>\n<li>individuell abgestimmtes Training f\u00fcr Einzelpersonen (&#8222;personal training&#8220;)<\/li>\n<\/ul>\n<p class=\"MsoNormal\"><strong>Sie profitieren von &#8230;<\/strong><\/p>\n<ul>\n<li>meinem Netzwerk aus hochqualifizierten \u00c4rzten, Physiotherapeuten, Trainings- und Ern\u00e4hrungswissenschaftern,<br \/>\nTrainern u.a.<\/li>\n<li>meinem Wissen als Turn- und Sportlehrer, Schwimm- und Handballinstruktor, J+S-Experte, Skilehrer und Trainer im<br \/>\nSpitzenhandball<\/li>\n<li>meiner langj\u00e4hrigen Erfahrung als Dozent und Ausbilder von Sport-Studierenden, Trainerinnen und Trainern sowie<br \/>\nJ+S-Leitenden<\/li>\n<li>meinen eigenen Erfahrungen als Spitzensportler und als vielseitig begeisterter Breitensportler<\/li>\n<\/ul>\n","protected":false},"excerpt":{"rendered":"<p>Gesundheit und Training Interessengruppen Einzelpersonen Firmen und Verwaltungen Krankenkassen, Versicherungen Institutionen des Gesundheitswesens f\u00fcr Sportmobilit\u00e4t auch St\u00e4dte, Gemeinden, Sportverb\u00e4nde und -vereine Ihre Bed\u00fcrfnisse und Aufgaben f\u00fcr Sportmobilit\u00e4t: Umlagerung des Sportverkehrs auf gesunde und umweltfreundliche Verkehrstr\u00e4ger Bewegungs-, Gesundheits- und Trainingskonzepte f\u00fcr Gesunde und Kranke Gesundheits- und Bewegungstage und -wochen sportliche Erlebnis- und Teambildungs-Events Konzepte und Weiterbildungen [&hellip;]<\/p>\n","protected":false},"author":2,"featured_media":0,"parent":0,"menu_order":5,"comment_status":"closed","ping_status":"open","template":"","meta":[],"_links":{"self":[{"href":"https:\/\/struplersport.ch\/index.php?rest_route=\/wp\/v2\/pages\/8"}],"collection":[{"href":"https:\/\/struplersport.ch\/index.php?rest_route=\/wp\/v2\/pages"}],"about":[{"href":"https:\/\/struplersport.ch\/index.php?rest_route=\/wp\/v2\/types\/page"}],"author":[{"embeddable":true,"href":"https:\/\/struplersport.ch\/index.php?rest_route=\/wp\/v2\/users\/2"}],"replies":[{"embeddable":true,"href":"https:\/\/struplersport.ch\/index.php?rest_route=%2Fwp%2Fv2%2Fcomments&post=8"}],"version-history":[{"count":17,"href":"https:\/\/struplersport.ch\/index.php?rest_route=\/wp\/v2\/pages\/8\/revisions"}],"predecessor-version":[{"id":75,"href":"https:\/\/struplersport.ch\/index.php?rest_route=\/wp\/v2\/pages\/8\/revisions\/75"}],"wp:attachment":[{"href":"https:\/\/struplersport.ch\/index.php?rest_route=%2Fwp%2Fv2%2Fmedia&parent=8"}],"curies":[{"name":"wp","href":"https:\/\/api.w.org\/{rel}","templated":true}]}}