{"id":791,"date":"2019-03-04T09:42:04","date_gmt":"2019-03-04T07:42:04","guid":{"rendered":"http:\/\/struplersport.ch\/?page_id=791"},"modified":"2024-06-14T14:32:11","modified_gmt":"2024-06-14T12:32:11","slug":"dominik-hugi","status":"publish","type":"page","link":"https:\/\/struplersport.ch\/?page_id=791","title":{"rendered":"Dominik Hugi"},"content":{"rendered":"<p><a href=\"http:\/\/struplersport.ch\/wp-content\/uploads\/2019\/03\/dominik_foto-2019.jpg\"><img decoding=\"async\" loading=\"lazy\" class=\"alignleft size-medium wp-image-792\" title=\"Dominik Hugi\" src=\"http:\/\/struplersport.ch\/wp-content\/uploads\/2019\/03\/dominik_foto-2019-300x225.jpg\" alt=\"Dominik Hugi\" width=\"300\" height=\"225\" srcset=\"https:\/\/struplersport.ch\/wp-content\/uploads\/2019\/03\/dominik_foto-2019-300x225.jpg 300w, https:\/\/struplersport.ch\/wp-content\/uploads\/2019\/03\/dominik_foto-2019-1024x768.jpg 1024w\" sizes=\"(max-width: 300px) 100vw, 300px\" \/><\/a>Master Sportwissenschaften, Institut des sciences du sport et de l&#8217;\u00e9ducation physique,<br \/>\nmit Zusatzzertifikat Geschichte Facult\u00e9 \u00e8s Lettres, Universit\u00e9 de Lausanne, 2010<\/p>\n<p>Lehrdiplom f\u00fcr Maturit\u00e4tsschulen, Sport und Geschichte, PH Bern, 2011<br \/>\nCAS Sportanlagen 2018\/2019<\/p>\n<p>Mitarbeiter Strupler Sport Consulting im Mandatverh\u00e4ltnis 2018-2021, seit 2022 selbst\u00e4ndig als Mitinhaber von Synergies Sports in Cordast (FR)<\/p>\n<p>Fr\u00fcher lizenziert in den Sportarten Kunstturnen, Leichtathletik und Unihockey;<br \/>\nheute sportlich aktiv mit Eishockey und den meisten Wintersportarten, sowie Laufen und Velofahren im Sommer.<\/p>\n","protected":false},"excerpt":{"rendered":"<p>Master Sportwissenschaften, Institut des sciences du sport et de l&#8217;\u00e9ducation physique, mit Zusatzzertifikat Geschichte Facult\u00e9 \u00e8s Lettres, Universit\u00e9 de Lausanne, 2010 Lehrdiplom f\u00fcr Maturit\u00e4tsschulen, Sport und Geschichte, PH Bern, 2011 CAS Sportanlagen 2018\/2019 Mitarbeiter Strupler Sport Consulting im Mandatverh\u00e4ltnis 2018-2021, seit 2022 selbst\u00e4ndig als Mitinhaber von Synergies Sports in Cordast (FR) Fr\u00fcher lizenziert in den [&hellip;]<\/p>\n","protected":false},"author":2,"featured_media":0,"parent":39,"menu_order":0,"comment_status":"closed","ping_status":"closed","template":"","meta":[],"_links":{"self":[{"href":"https:\/\/struplersport.ch\/index.php?rest_route=\/wp\/v2\/pages\/791"}],"collection":[{"href":"https:\/\/struplersport.ch\/index.php?rest_route=\/wp\/v2\/pages"}],"about":[{"href":"https:\/\/struplersport.ch\/index.php?rest_route=\/wp\/v2\/types\/page"}],"author":[{"embeddable":true,"href":"https:\/\/struplersport.ch\/index.php?rest_route=\/wp\/v2\/users\/2"}],"replies":[{"embeddable":true,"href":"https:\/\/struplersport.ch\/index.php?rest_route=%2Fwp%2Fv2%2Fcomments&post=791"}],"version-history":[{"count":10,"href":"https:\/\/struplersport.ch\/index.php?rest_route=\/wp\/v2\/pages\/791\/revisions"}],"predecessor-version":[{"id":967,"href":"https:\/\/struplersport.ch\/index.php?rest_route=\/wp\/v2\/pages\/791\/revisions\/967"}],"up":[{"embeddable":true,"href":"https:\/\/struplersport.ch\/index.php?rest_route=\/wp\/v2\/pages\/39"}],"wp:attachment":[{"href":"https:\/\/struplersport.ch\/index.php?rest_route=%2Fwp%2Fv2%2Fmedia&parent=791"}],"curies":[{"name":"wp","href":"https:\/\/api.w.org\/{rel}","templated":true}]}}