{"id":682,"date":"2017-11-30T20:14:06","date_gmt":"2017-11-30T18:14:06","guid":{"rendered":"http:\/\/struplersport.ch\/?page_id=682"},"modified":"2019-03-04T10:04:02","modified_gmt":"2019-03-04T08:04:02","slug":"video","status":"publish","type":"page","link":"https:\/\/struplersport.ch\/?page_id=682","title":{"rendered":"Video zur Verabschiedung an der Uni"},"content":{"rendered":"<p>Gerne zeige ich Ihnen hier den etwas kritischen Sketch zum Thema  Wissenschaft und Praxis im Sport, gewidmet meinen lieben KollegInnen am  Institut f\u00fcr Sportwissenschaft der Uni Bern anl\u00e4sslich meiner Verabschiedung als Dozent 2018. Mit ganz herzlichem Dank f\u00fcr die sch\u00f6ne, bereichernde und  kollegiale Zusammenarbeit w\u00e4hrend mehr als 30 Jahren!<\/p>\n<p><a href=\"https:\/\/vimeo.com\/245236595\" target=\"_blank\">Sketch, Verabschiedung Universit\u00e4t Bern<\/a><\/p>\n","protected":false},"excerpt":{"rendered":"<p>Gerne zeige ich Ihnen hier den etwas kritischen Sketch zum Thema Wissenschaft und Praxis im Sport, gewidmet meinen lieben KollegInnen am Institut f\u00fcr Sportwissenschaft der Uni Bern anl\u00e4sslich meiner Verabschiedung als Dozent 2018. Mit ganz herzlichem Dank f\u00fcr die sch\u00f6ne, bereichernde und kollegiale Zusammenarbeit w\u00e4hrend mehr als 30 Jahren! Sketch, Verabschiedung Universit\u00e4t Bern<\/p>\n","protected":false},"author":2,"featured_media":0,"parent":31,"menu_order":5,"comment_status":"closed","ping_status":"closed","template":"","meta":[],"_links":{"self":[{"href":"https:\/\/struplersport.ch\/index.php?rest_route=\/wp\/v2\/pages\/682"}],"collection":[{"href":"https:\/\/struplersport.ch\/index.php?rest_route=\/wp\/v2\/pages"}],"about":[{"href":"https:\/\/struplersport.ch\/index.php?rest_route=\/wp\/v2\/types\/page"}],"author":[{"embeddable":true,"href":"https:\/\/struplersport.ch\/index.php?rest_route=\/wp\/v2\/users\/2"}],"replies":[{"embeddable":true,"href":"https:\/\/struplersport.ch\/index.php?rest_route=%2Fwp%2Fv2%2Fcomments&post=682"}],"version-history":[{"count":33,"href":"https:\/\/struplersport.ch\/index.php?rest_route=\/wp\/v2\/pages\/682\/revisions"}],"predecessor-version":[{"id":822,"href":"https:\/\/struplersport.ch\/index.php?rest_route=\/wp\/v2\/pages\/682\/revisions\/822"}],"up":[{"embeddable":true,"href":"https:\/\/struplersport.ch\/index.php?rest_route=\/wp\/v2\/pages\/31"}],"wp:attachment":[{"href":"https:\/\/struplersport.ch\/index.php?rest_route=%2Fwp%2Fv2%2Fmedia&parent=682"}],"curies":[{"name":"wp","href":"https:\/\/api.w.org\/{rel}","templated":true}]}}