{"id":57,"date":"2009-09-22T10:14:59","date_gmt":"2009-09-22T08:14:59","guid":{"rendered":"http:\/\/struplersport.ch\/v2\/?page_id=57"},"modified":"2026-01-21T13:48:44","modified_gmt":"2026-01-21T12:48:44","slug":"referenzen","status":"publish","type":"page","link":"https:\/\/struplersport.ch\/?page_id=57","title":{"rendered":"Auftr\u00e4ge"},"content":{"rendered":"<ul>\n<li>Leitfaden des Kantons Aargau f\u00fcr die Erstellung von Regionalen Sportanlagenkonzepten (RESAK), Kanton Aargau, Departement Bildung, Kultur und Sport, Abteilung Hochschulen und Sport, 2024\/25<\/li>\n<li>\u00dcberarbeitung des Sportleitbildes der Stadt Burgdorf, Sportkommission Burgdorf, 2025 (laufend)<\/li>\n<li>Referat &#8222;Sportf\u00f6rderung in der Gemeinde&#8220; am Sportforum Oberaargau, Planungsregion Oberaargau, Langenthal, 2023<\/li>\n<li>Sportkonzept f\u00fcr den Kanton Glarus, Begleitung\/Expertise, Departement Bildung und Kultur (DBK) Kanton Glarus, 2020-21<\/li>\n<li>Co-Autor des Kinderhandballkonzepts des Schweiz. Handballverbandes, 2017<\/li>\n<li>Initiant des F\u00f6rderprojekts &#8222;M\u00e4dchen-Handball im Raum Bern&#8220;, vereins\u00fcbergreifend, 2015-2017<\/li>\n<li>Verwaltungsratsmitglied Sportzentrum Wislepark AG, Worb, 2010-2013<\/li>\n<li>Co-Projektleiter des Vereinsentwicklungsprojekts des TV L\u00e4nggasse Bern<br \/>\n&#8222;TVL 2020&#8220;, Gesch\u00e4ftsleitung Hauptverein, 2008\/09<\/li>\n<\/ul>\n<p>Mein grosses sportliches Netzwerk erm\u00f6glicht Ihnen den Zugang zu neuen Informationen und Kontakten<\/p>\n","protected":false},"excerpt":{"rendered":"<p>Leitfaden des Kantons Aargau f\u00fcr die Erstellung von Regionalen Sportanlagenkonzepten (RESAK), Kanton Aargau, Departement Bildung, Kultur und Sport, Abteilung Hochschulen und Sport, 2024\/25 \u00dcberarbeitung des Sportleitbildes der Stadt Burgdorf, Sportkommission Burgdorf, 2025 (laufend) Referat &#8222;Sportf\u00f6rderung in der Gemeinde&#8220; am Sportforum Oberaargau, Planungsregion Oberaargau, Langenthal, 2023 Sportkonzept f\u00fcr den Kanton Glarus, Begleitung\/Expertise, Departement Bildung und Kultur [&hellip;]<\/p>\n","protected":false},"author":2,"featured_media":0,"parent":12,"menu_order":0,"comment_status":"closed","ping_status":"open","template":"","meta":[],"_links":{"self":[{"href":"https:\/\/struplersport.ch\/index.php?rest_route=\/wp\/v2\/pages\/57"}],"collection":[{"href":"https:\/\/struplersport.ch\/index.php?rest_route=\/wp\/v2\/pages"}],"about":[{"href":"https:\/\/struplersport.ch\/index.php?rest_route=\/wp\/v2\/types\/page"}],"author":[{"embeddable":true,"href":"https:\/\/struplersport.ch\/index.php?rest_route=\/wp\/v2\/users\/2"}],"replies":[{"embeddable":true,"href":"https:\/\/struplersport.ch\/index.php?rest_route=%2Fwp%2Fv2%2Fcomments&post=57"}],"version-history":[{"count":24,"href":"https:\/\/struplersport.ch\/index.php?rest_route=\/wp\/v2\/pages\/57\/revisions"}],"predecessor-version":[{"id":988,"href":"https:\/\/struplersport.ch\/index.php?rest_route=\/wp\/v2\/pages\/57\/revisions\/988"}],"up":[{"embeddable":true,"href":"https:\/\/struplersport.ch\/index.php?rest_route=\/wp\/v2\/pages\/12"}],"wp:attachment":[{"href":"https:\/\/struplersport.ch\/index.php?rest_route=%2Fwp%2Fv2%2Fmedia&parent=57"}],"curies":[{"name":"wp","href":"https:\/\/api.w.org\/{rel}","templated":true}]}}