{"id":54,"date":"2009-09-22T10:14:42","date_gmt":"2009-09-22T08:14:42","guid":{"rendered":"http:\/\/struplersport.ch\/v2\/?page_id=54"},"modified":"2022-11-03T18:43:29","modified_gmt":"2022-11-03T17:43:29","slug":"referenzen","status":"publish","type":"page","link":"https:\/\/struplersport.ch\/?page_id=54","title":{"rendered":"Auftr\u00e4ge \/ Kursangebot"},"content":{"rendered":"<ul>\n<li style=\"list-style-type: none;\">\n<ul>\n<li>Kursleitung freiwilliger Schulsport f\u00fcr Kindergarten und Unterstufe &#8222;Spielend bewegen &#8211; Ballspiele lernen&#8220;, seit 2007, laufend<\/li>\n<\/ul>\n<\/li>\n<\/ul>\n<p><a href=\"http:\/\/struplersport.ch\/wp-content\/uploads\/2009\/09\/170608-spielend-bewegen-ausschreibung-ab-august-2017.pdf\">Spielend bewegen &#8211; Ballspiele lernen 2017<\/a><\/p>\n<ul>\n<li style=\"list-style-type: none;\">\n<ul>\n<li>Kursleitung freiwilliger Schulsport f\u00fcr Mittel- und Oberstufe &#8222;Handball&#8220;, 2018<\/li>\n<li>Landschulwochen 4. Kl. Prim. L\u00e4nggasse, Frau Karin Specogna, in Sch\u00f6nried, Sport- und Spielunterricht im Freien, 2013 und 2017<\/li>\n<li>Polysportiver Ballspielkurs in den Fr\u00fchlingsferien f\u00fcr Kinder aus der Stadt Bern von 7-15 Jahren, Organisation und Kursleitung, 2013-2017<\/li>\n<\/ul>\n<\/li>\n<\/ul>\n<p><a href=\"http:\/\/struplersport.ch\/wp-content\/uploads\/2019\/02\/170117-ausschreibpolysport_feriensport-spielen-fruhling-2017.pdf\">Ausschreibung polysport. Ferienkurs Spielen 2017<\/a><\/p>\n<ul>\n<li>Weiterbildung &#8222;Pausenplatzgestaltung&#8220; f\u00fcr &#8222;Gr\u00fcn Stadt Z\u00fcrich&#8220; des Tiefbau- und Entsorgungsdepartementes, 2005<\/li>\n<\/ul>\n","protected":false},"excerpt":{"rendered":"<p>Kursleitung freiwilliger Schulsport f\u00fcr Kindergarten und Unterstufe &#8222;Spielend bewegen &#8211; Ballspiele lernen&#8220;, seit 2007, laufend Spielend bewegen &#8211; Ballspiele lernen 2017 Kursleitung freiwilliger Schulsport f\u00fcr Mittel- und Oberstufe &#8222;Handball&#8220;, 2018 Landschulwochen 4. Kl. Prim. L\u00e4nggasse, Frau Karin Specogna, in Sch\u00f6nried, Sport- und Spielunterricht im Freien, 2013 und 2017 Polysportiver Ballspielkurs in den Fr\u00fchlingsferien f\u00fcr Kinder [&hellip;]<\/p>\n","protected":false},"author":2,"featured_media":0,"parent":10,"menu_order":0,"comment_status":"closed","ping_status":"open","template":"","meta":[],"_links":{"self":[{"href":"https:\/\/struplersport.ch\/index.php?rest_route=\/wp\/v2\/pages\/54"}],"collection":[{"href":"https:\/\/struplersport.ch\/index.php?rest_route=\/wp\/v2\/pages"}],"about":[{"href":"https:\/\/struplersport.ch\/index.php?rest_route=\/wp\/v2\/types\/page"}],"author":[{"embeddable":true,"href":"https:\/\/struplersport.ch\/index.php?rest_route=\/wp\/v2\/users\/2"}],"replies":[{"embeddable":true,"href":"https:\/\/struplersport.ch\/index.php?rest_route=%2Fwp%2Fv2%2Fcomments&post=54"}],"version-history":[{"count":28,"href":"https:\/\/struplersport.ch\/index.php?rest_route=\/wp\/v2\/pages\/54\/revisions"}],"predecessor-version":[{"id":947,"href":"https:\/\/struplersport.ch\/index.php?rest_route=\/wp\/v2\/pages\/54\/revisions\/947"}],"up":[{"embeddable":true,"href":"https:\/\/struplersport.ch\/index.php?rest_route=\/wp\/v2\/pages\/10"}],"wp:attachment":[{"href":"https:\/\/struplersport.ch\/index.php?rest_route=%2Fwp%2Fv2%2Fmedia&parent=54"}],"curies":[{"name":"wp","href":"https:\/\/api.w.org\/{rel}","templated":true}]}}