{"id":50,"date":"2009-09-22T10:13:55","date_gmt":"2009-09-22T08:13:55","guid":{"rendered":"http:\/\/struplersport.ch\/v2\/?page_id=50"},"modified":"2020-05-02T15:01:07","modified_gmt":"2020-05-02T13:01:07","slug":"auftrage","status":"publish","type":"page","link":"https:\/\/struplersport.ch\/?page_id=50","title":{"rendered":"Auftr\u00e4ge"},"content":{"rendered":"<p><strong>Sport im Alltag<\/strong><\/p>\n<ul>\n<li>&#8222;personal training&#8220; mit Urs Berger, VR-Pr\u00e4sident Mobiliar-Versicherungen, Bern,<br \/>\n2004-07<\/li>\n<li>Herzogenbuchsee, Lokales Bewegungs- und Sportnetz (LBS),<strong> <\/strong>Projekt-Moderation,<br \/>\nGemeinderat, 2004-06<\/li>\n<\/ul>\n<p><strong>Sportmobilit\u00e4t <\/strong><\/p>\n<ul>\n<li>Projekt Sportmobilit\u00e4t in der Stadt Z\u00fcrich, Gesundheits- und Umweltdepartement,<br \/>\n2008<\/li>\n<li>Projekt \u201cSportlich zum Sport\u201d, Kanton Bern, 2002-2005,<br \/>\n<a href=\"http:\/\/struplersport.ch\/v2\/wp-content\/uploads\/2009\/09\/schlussberichtsportlichzumsport_homepage1.pdf\">Schlussbericht sportlich zum Sport<\/a><\/li>\n<\/ul>\n<p><!--.entry--><\/p>\n","protected":false},"excerpt":{"rendered":"<p>Sport im Alltag &#8222;personal training&#8220; mit Urs Berger, VR-Pr\u00e4sident Mobiliar-Versicherungen, Bern, 2004-07 Herzogenbuchsee, Lokales Bewegungs- und Sportnetz (LBS), Projekt-Moderation, Gemeinderat, 2004-06 Sportmobilit\u00e4t Projekt Sportmobilit\u00e4t in der Stadt Z\u00fcrich, Gesundheits- und Umweltdepartement, 2008 Projekt \u201cSportlich zum Sport\u201d, Kanton Bern, 2002-2005, Schlussbericht sportlich zum Sport<\/p>\n","protected":false},"author":2,"featured_media":0,"parent":8,"menu_order":5,"comment_status":"closed","ping_status":"open","template":"","meta":[],"_links":{"self":[{"href":"https:\/\/struplersport.ch\/index.php?rest_route=\/wp\/v2\/pages\/50"}],"collection":[{"href":"https:\/\/struplersport.ch\/index.php?rest_route=\/wp\/v2\/pages"}],"about":[{"href":"https:\/\/struplersport.ch\/index.php?rest_route=\/wp\/v2\/types\/page"}],"author":[{"embeddable":true,"href":"https:\/\/struplersport.ch\/index.php?rest_route=\/wp\/v2\/users\/2"}],"replies":[{"embeddable":true,"href":"https:\/\/struplersport.ch\/index.php?rest_route=%2Fwp%2Fv2%2Fcomments&post=50"}],"version-history":[{"count":16,"href":"https:\/\/struplersport.ch\/index.php?rest_route=\/wp\/v2\/pages\/50\/revisions"}],"predecessor-version":[{"id":158,"href":"https:\/\/struplersport.ch\/index.php?rest_route=\/wp\/v2\/pages\/50\/revisions\/158"}],"up":[{"embeddable":true,"href":"https:\/\/struplersport.ch\/index.php?rest_route=\/wp\/v2\/pages\/8"}],"wp:attachment":[{"href":"https:\/\/struplersport.ch\/index.php?rest_route=%2Fwp%2Fv2%2Fmedia&parent=50"}],"curies":[{"name":"wp","href":"https:\/\/api.w.org\/{rel}","templated":true}]}}