{"id":39,"date":"2009-09-22T10:12:14","date_gmt":"2009-09-22T08:12:14","guid":{"rendered":"http:\/\/struplersport.ch\/v2\/?page_id=39"},"modified":"2019-02-25T17:16:54","modified_gmt":"2019-02-25T15:16:54","slug":"mitarbeitende","status":"publish","type":"page","link":"https:\/\/struplersport.ch\/?page_id=39","title":{"rendered":"Mitarbeitende"},"content":{"rendered":"<p><em>Strupler Sport Consulting<\/em> verf\u00fcgt \u00fcber ein breites Netzwerk kompetenter Partner aus den verschiedensten Fachbereichen (z.B. Architektur, Raumplanung, Landschaftsplanung, Betriebswirtschaft, Sportger\u00e4te), mit welchen nach Bedarf partnerschaftlich zusammengearbeitet wird.<\/p>\n<p>F\u00fcr besondere Auftr\u00e4ge arbeiten im Mandatsverh\u00e4ltnis folgende Spezialisten mit:<\/p>\n<ul>\n<li>Dominik Hugi<\/li>\n<li>Leander\u00a0Strupler<\/li>\n<\/ul>\n","protected":false},"excerpt":{"rendered":"<p>Strupler Sport Consulting verf\u00fcgt \u00fcber ein breites Netzwerk kompetenter Partner aus den verschiedensten Fachbereichen (z.B. Architektur, Raumplanung, Landschaftsplanung, Betriebswirtschaft, Sportger\u00e4te), mit welchen nach Bedarf partnerschaftlich zusammengearbeitet wird. F\u00fcr besondere Auftr\u00e4ge arbeiten im Mandatsverh\u00e4ltnis folgende Spezialisten mit: Dominik Hugi Leander\u00a0Strupler<\/p>\n","protected":false},"author":2,"featured_media":0,"parent":0,"menu_order":35,"comment_status":"closed","ping_status":"open","template":"","meta":[],"_links":{"self":[{"href":"https:\/\/struplersport.ch\/index.php?rest_route=\/wp\/v2\/pages\/39"}],"collection":[{"href":"https:\/\/struplersport.ch\/index.php?rest_route=\/wp\/v2\/pages"}],"about":[{"href":"https:\/\/struplersport.ch\/index.php?rest_route=\/wp\/v2\/types\/page"}],"author":[{"embeddable":true,"href":"https:\/\/struplersport.ch\/index.php?rest_route=\/wp\/v2\/users\/2"}],"replies":[{"embeddable":true,"href":"https:\/\/struplersport.ch\/index.php?rest_route=%2Fwp%2Fv2%2Fcomments&post=39"}],"version-history":[{"count":11,"href":"https:\/\/struplersport.ch\/index.php?rest_route=\/wp\/v2\/pages\/39\/revisions"}],"predecessor-version":[{"id":162,"href":"https:\/\/struplersport.ch\/index.php?rest_route=\/wp\/v2\/pages\/39\/revisions\/162"}],"wp:attachment":[{"href":"https:\/\/struplersport.ch\/index.php?rest_route=%2Fwp%2Fv2%2Fmedia&parent=39"}],"curies":[{"name":"wp","href":"https:\/\/api.w.org\/{rel}","templated":true}]}}