{"id":377,"date":"2011-02-20T17:26:42","date_gmt":"2011-02-20T15:26:42","guid":{"rendered":"http:\/\/struplersport.ch\/v2\/?page_id=377"},"modified":"2023-02-10T10:54:21","modified_gmt":"2023-02-10T09:54:21","slug":"vortrage-und-prasentationen","status":"publish","type":"page","link":"https:\/\/struplersport.ch\/?page_id=377","title":{"rendered":"Vortr\u00e4ge, Pr\u00e4sentationen, Beispiele"},"content":{"rendered":"<p><strong>Grundlagen der Sportanlagenplanung, Gesamtkonzepte, GESAK<br \/>\n<\/strong><\/p>\n<ul>\n<li><a href=\"https:\/\/www.dropbox.com\/s\/5wjznh1kbtd1yp5\/Sportanlagenkonzept%20%28GESAK%29%20der%20Stadt%20Dietikon%2C%202022%20%286.7%20MB%29.pdf?dl=0\">Sportanlagenkonzept (GESAK) der Stadt Dietikon, Kurzfassung, 2022 (561 KB)<\/a><\/li>\n<li><a href=\"https:\/\/www.dropbox.com\/s\/4gasbohtut9g7nc\/Sportanlagenkonzept%20%28GESAK%29%20der%20Stadt%20Dietikon%2C%20Kurzfassung%2C%202022%20%28561%20KB%29.pdf?dl=0\">Sportanlagenkonzept (GESAK) der Stadt Dietikon, 2022 (6.7 MB)<\/a><\/li>\n<li><a href=\"http:\/\/struplersport.ch\/wp-content\/uploads\/2011\/02\/190122_pdf_rohfassung-final_gesak_schwyz.pdf\">Sportanlagenkonzept Gemeinde Schwyz, Rohfassung, 2019 (6 MB)<\/a><\/li>\n<li><a href=\"http:\/\/struplersport.ch\/wp-content\/uploads\/2011\/02\/ksb-2019-stadt-thun.pdf\">Konzept Sportanlagen und Bewegungsr\u00e4ume (KSB) Stadt Thun, Aktualisierung, 2018 (0.4 MB)<\/a><\/li>\n<li><a href=\"http:\/\/struplersport.ch\/wp-content\/uploads\/2011\/02\/180525_prozessablauf_gesak-01.jpg\" target=\"_blank\" rel=\"noopener\">Prozessablauf GESAK, 2018<\/a><\/li>\n<li><a href=\"http:\/\/struplersport.ch\/wp-content\/uploads\/2011\/02\/181115-cas-sportanlagen_modul1_v2_gesak1.pdf\">Gemeindesportanlagenkonzept, Referat CAS Sportanlagen, BASPO, 2018 (3 MB)<\/a><\/li>\n<li><a href=\"http:\/\/struplersport.ch\/wp-content\/uploads\/2011\/02\/sportforum-nidwalden-21117_def.pdf\">Entwicklungsperspektiven Sportanlagen, Referat Sportforum Nidwalden, 2017<\/a><\/li>\n<li><a href=\"http:\/\/struplersport.ch\/wp-content\/uploads\/2011\/02\/tagung-sportanl-in-raumplanung_1292013_baspo_handout.pdf\">Tagung Sportanlagen in Raumplanung, BASPO, Handout, 2013 (0.4 MB)<\/a><\/li>\n<li><a href=\"http:\/\/struplersport.ch\/v2\/wp-content\/uploads\/2011\/02\/abschlussveranstaltung-baar-3211.pdf\">GESAK Baar &#8211; Abschluss-Orientierung \u00d6ffentlichkeit, 2011 (0.6 MB)<\/a><\/li>\n<li><a href=\"http:\/\/struplersport.ch\/wp-content\/uploads\/2011\/12\/110927-bedarfsermittlung-zur-kostensteuerung_allgemein-und-am-bsp-sporthallen.pdf\">Bedarfsermittlung als Grundlage f\u00fcr die Kostensteuerung &#8211; Allgemein und am Bsp. Sporthallen, 2011 (1 MB)<\/a><\/li>\n<li><a href=\"http:\/\/struplersport.ch\/v2\/wp-content\/uploads\/2010\/09\/iaks-291009-innovkonzepte-sport-ubewegraumedef.pdf\">Innovative Konzepte f\u00fcr Sport-und Bewegungsr\u00e4ume, IAKS-Kongress, K\u00f6ln, 2009 (4 MB)<\/a><\/li>\n<li><a href=\"http:\/\/struplersport.ch\/v2\/wp-content\/uploads\/2011\/02\/2492008_einfvorlessportinfraumwelt.pdf\">Sport und Nachhaltigkeit &#8211; Einf\u00fchrung, 2008 (0.8 MB)<\/a><\/li>\n<li><a href=\"http:\/\/struplersport.ch\/v2\/wp-content\/uploads\/2009\/09\/24311007planungbewegungsraum_s-i-u_ispw_1-teil.pdf\">Planung des Bewegungsraums, 1. Teil, 2007 (4.6 MB)<\/a><\/li>\n<li><a href=\"http:\/\/struplersport.ch\/v2\/wp-content\/uploads\/2009\/09\/24311007planungbewegungsraum_s-i-u_ispw_2-teil.pdf\">Planung des Bewegungsraum, 2. Teil, Bsp. GESAK Worb,2007 (1.2 MB)<\/a><\/li>\n<li><a href=\"http:\/\/struplersport.ch\/v2\/wp-content\/uploads\/2011\/02\/gesellschaft-sportentwickl_12-06_homepage-b.pdf\">Gesellschafts- und Sportentwicklung, 2006 (4.1 MB)<\/a><\/li>\n<li><a href=\"http:\/\/struplersport.ch\/v2\/wp-content\/uploads\/2009\/09\/trendsport-sporttrends_2006.pdf\">Trendsport-Sporttrends, NDK Sportanlagen BASPO, 2006 (0.3 MB)<\/a><\/li>\n<\/ul>\n<p><strong>B\u00e4derbau<\/strong><\/p>\n<ul>\n<li><a href=\"http:\/\/struplersport.ch\/v2\/wp-content\/uploads\/2009\/09\/nov-2008-naturnahe-badegewasser_s-i-u_ispw.pdf\" target=\"_blank\" rel=\"noopener\">Naturnahe Badegew\u00e4sser &#8211; eine \u00f6kologische und \u00f6konomische Chance bei Freibadsanierungen,<br \/>\n2008 (1.9 MB)<\/a><\/li>\n<li><a href=\"http:\/\/struplersport.ch\/wp-content\/uploads\/2009\/09\/baederbau_grundlagen_8_06.pdf\">B\u00e4derbau &#8211; Grundlagen, 2006 (4 MB)<\/a><\/li>\n<li><a href=\"http:\/\/struplersport.ch\/v2\/wp-content\/uploads\/2009\/09\/baeder_betrieb_und_nutzung-animation_und_marketing_8_06.pdf\">Betrieb und Nutzung von B\u00e4dern &#8211; Animation und Marketing, 2006 (455 KB)<\/a><\/li>\n<\/ul>\n<p><strong>Sport-Hallen und -B\u00f6den<\/strong><\/p>\n<ul>\n<li><a href=\"http:\/\/struplersport.ch\/wp-content\/uploads\/2011\/02\/2019-01-24_05_besichtigungen_inkl-plane_angaben-hallen.pdf\">Sanierung von Sporthallen, Besichtigungen CAS Sportanlagen BASPO, 2019 (1.4 MB)<\/a><\/li>\n<li><a href=\"http:\/\/struplersport.ch\/wp-content\/uploads\/2011\/02\/160331_machbarkeitsstudie-hussenbuel-hinwil_nach-workshop-17216.pdf\">Machbarkeitsstudie Sportzentrum mit 3-fach-Halle Hinwil, 2016 (1 MB)<\/a><\/li>\n<li><a href=\"http:\/\/struplersport.ch\/wp-content\/uploads\/2011\/02\/1teil_hallenboden_cas_jan-2013_handout1.pdf\" target=\"_blank\" rel=\"noopener\">Hallenb\u00f6den, 1. Teil, Handout CAS BASPO 2013 (0.2 MB)<\/a><\/li>\n<li><a href=\"http:\/\/struplersport.ch\/wp-content\/uploads\/2011\/02\/2teil_hallenboden_cas_jan-2013.pdf\" target=\"_blank\" rel=\"noopener\">Hallenb\u00f6den, 2. Teil, Handout CAS BASPO 2013 (0.1 MB)<\/a><\/li>\n<li><a href=\"http:\/\/struplersport.ch\/v2\/wp-content\/uploads\/2011\/02\/issw_grundstudium05-bodenoutdoor.pdf\">Sportb\u00f6den outdoor &#8211; Grundlagen, 2005 (0.5 MB)<\/a><\/li>\n<\/ul>\n<p><strong>Spielsport \/ Handball<\/strong><\/p>\n<ul>\n<li><a href=\"http:\/\/struplersport.ch\/v2\/wp-content\/uploads\/2009\/09\/commitriten_2006.pdf\" target=\"_blank\" rel=\"noopener\">Commitments und Riten im Mannschaftssport, 2006 (2.3 MB)<\/a><\/li>\n<li><a href=\"http:\/\/struplersport.ch\/v2\/wp-content\/uploads\/2009\/09\/coaching_im_mannschaftssport_handout_10_05.pdf\">Coaching im Mannschaftssport, 2005 (0.6 MB)<\/a><\/li>\n<\/ul>\n<p><strong>Diverses<\/strong><\/p>\n<ul>\n<li><a href=\"http:\/\/struplersport.ch\/wp-content\/uploads\/2011\/02\/workshop-schulraumplanung-2020-friedbuhl_oberhofen_hilterfingen_2014.pdf\" target=\"_blank\" rel=\"noopener\">Workshop Schulraumplanung-2020-Friedb\u00fchl Oberhofen Hilterfingen 2014 (0.2 MB)<\/a><\/li>\n<li><a href=\"http:\/\/struplersport.ch\/v2\/wp-content\/uploads\/2011\/02\/sportmobilitat_cas-sportanlagen-28110.pdf\">Sportmobilit\u00e4t, CAS Sportanlagen BASPO, 2010 (1.3 MB)<\/a><\/li>\n<li><a href=\"http:\/\/struplersport.ch\/v2\/wp-content\/uploads\/2009\/09\/fitnessanlagen_in_sport_gesellschaft_unibern_2005.pdf\">Fitnessanlagen in der heutigen Bewegungskultur, 2005 (421 KB)<\/a><\/li>\n<li><a href=\"http:\/\/struplersport.ch\/v2\/wp-content\/uploads\/2009\/09\/ansprache_oberhofen_1_8_2005_.pdf\">1. August-Ansprache in Oberhofen, 2005 (pdf, 48 KB)<\/a><\/li>\n<\/ul>\n","protected":false},"excerpt":{"rendered":"<p>Grundlagen der Sportanlagenplanung, Gesamtkonzepte, GESAK Sportanlagenkonzept (GESAK) der Stadt Dietikon, Kurzfassung, 2022 (561 KB) Sportanlagenkonzept (GESAK) der Stadt Dietikon, 2022 (6.7 MB) Sportanlagenkonzept Gemeinde Schwyz, Rohfassung, 2019 (6 MB) Konzept Sportanlagen und Bewegungsr\u00e4ume (KSB) Stadt Thun, Aktualisierung, 2018 (0.4 MB) Prozessablauf GESAK, 2018 Gemeindesportanlagenkonzept, Referat CAS Sportanlagen, BASPO, 2018 (3 MB) Entwicklungsperspektiven Sportanlagen, Referat Sportforum [&hellip;]<\/p>\n","protected":false},"author":2,"featured_media":0,"parent":0,"menu_order":44,"comment_status":"closed","ping_status":"open","template":"","meta":[],"_links":{"self":[{"href":"https:\/\/struplersport.ch\/index.php?rest_route=\/wp\/v2\/pages\/377"}],"collection":[{"href":"https:\/\/struplersport.ch\/index.php?rest_route=\/wp\/v2\/pages"}],"about":[{"href":"https:\/\/struplersport.ch\/index.php?rest_route=\/wp\/v2\/types\/page"}],"author":[{"embeddable":true,"href":"https:\/\/struplersport.ch\/index.php?rest_route=\/wp\/v2\/users\/2"}],"replies":[{"embeddable":true,"href":"https:\/\/struplersport.ch\/index.php?rest_route=%2Fwp%2Fv2%2Fcomments&post=377"}],"version-history":[{"count":84,"href":"https:\/\/struplersport.ch\/index.php?rest_route=\/wp\/v2\/pages\/377\/revisions"}],"predecessor-version":[{"id":953,"href":"https:\/\/struplersport.ch\/index.php?rest_route=\/wp\/v2\/pages\/377\/revisions\/953"}],"wp:attachment":[{"href":"https:\/\/struplersport.ch\/index.php?rest_route=%2Fwp%2Fv2%2Fmedia&parent=377"}],"curies":[{"name":"wp","href":"https:\/\/api.w.org\/{rel}","templated":true}]}}