{"id":34,"date":"2009-09-22T10:11:08","date_gmt":"2009-09-22T08:11:08","guid":{"rendered":"http:\/\/struplersport.ch\/v2\/?page_id=34"},"modified":"2026-04-03T11:05:08","modified_gmt":"2026-04-03T09:05:08","slug":"kontakt","status":"publish","type":"page","link":"https:\/\/struplersport.ch\/?page_id=34","title":{"rendered":"Kontakt"},"content":{"rendered":"<p>Martin Strupler-Gr\u00f6tzinger<br \/>\nGesellschaftstrasse 19d<br \/>\nCH-3012 Bern<\/p>\n<p>Mobile +41 79 283 03 04<\/p>\n<p><a href=\"mailto:consulting@struplersport.ch\">consulting@struplersport.ch<\/a><\/p>\n<p><iframe loading=\"lazy\" src=\"http:\/\/maps.google.ch\/maps?f=q&amp;source=embed&amp;hl=de&amp;geocode=&amp;q=Gesellschaftsstr.+19,+3012+Bern&amp;sll=46.362093,9.036255&amp;sspn=5.921116,10.195313&amp;ie=UTF8&amp;ll=46.968774,7.445297&amp;spn=0.091487,0.159302&amp;z=13&amp;iwloc=A&amp;output=embed\" width=\"540\" height=\"400\" frameborder=\"0\" marginwidth=\"0\" marginheight=\"0\" scrolling=\"no\"><\/iframe><br \/>\n<small><a style=\"text-align: left; color: #0000ff;\" href=\"http:\/\/maps.google.ch\/maps?f=q&amp;source=embed&amp;hl=de&amp;geocode=&amp;q=Gesellschaftsstr.+19,+3012+Bern&amp;sll=46.362093,9.036255&amp;sspn=5.921116,10.195313&amp;ie=UTF8&amp;ll=46.968774,7.445297&amp;spn=0.091487,0.159302&amp;z=13&amp;iwloc=A\" target=\"_blank\" rel=\"noopener\">Gr\u00f6\u00dfere Kartenansicht<\/a><\/small><\/p>\n<ul>\n<li>Autobahnausfahrt Bern-Neufeld oder Bern-Forsthaus<\/li>\n<li>6 Gehminuten ab Bahnhof<\/li>\n<\/ul>\n","protected":false},"excerpt":{"rendered":"<p>Martin Strupler-Gr\u00f6tzinger Gesellschaftstrasse 19d CH-3012 Bern Mobile +41 79 283 03 04 consulting@struplersport.ch Gr\u00f6\u00dfere Kartenansicht Autobahnausfahrt Bern-Neufeld oder Bern-Forsthaus 6 Gehminuten ab Bahnhof<\/p>\n","protected":false},"author":2,"featured_media":0,"parent":0,"menu_order":30,"comment_status":"closed","ping_status":"closed","template":"","meta":[],"_links":{"self":[{"href":"https:\/\/struplersport.ch\/index.php?rest_route=\/wp\/v2\/pages\/34"}],"collection":[{"href":"https:\/\/struplersport.ch\/index.php?rest_route=\/wp\/v2\/pages"}],"about":[{"href":"https:\/\/struplersport.ch\/index.php?rest_route=\/wp\/v2\/types\/page"}],"author":[{"embeddable":true,"href":"https:\/\/struplersport.ch\/index.php?rest_route=\/wp\/v2\/users\/2"}],"replies":[{"embeddable":true,"href":"https:\/\/struplersport.ch\/index.php?rest_route=%2Fwp%2Fv2%2Fcomments&post=34"}],"version-history":[{"count":24,"href":"https:\/\/struplersport.ch\/index.php?rest_route=\/wp\/v2\/pages\/34\/revisions"}],"predecessor-version":[{"id":992,"href":"https:\/\/struplersport.ch\/index.php?rest_route=\/wp\/v2\/pages\/34\/revisions\/992"}],"wp:attachment":[{"href":"https:\/\/struplersport.ch\/index.php?rest_route=%2Fwp%2Fv2%2Fmedia&parent=34"}],"curies":[{"name":"wp","href":"https:\/\/api.w.org\/{rel}","templated":true}]}}