{"id":301,"date":"2010-09-02T15:09:48","date_gmt":"2010-09-02T13:09:48","guid":{"rendered":"http:\/\/struplersport.ch\/v2\/?page_id=301"},"modified":"2019-03-04T09:53:41","modified_gmt":"2019-03-04T07:53:41","slug":"leander-strupler","status":"publish","type":"page","link":"https:\/\/struplersport.ch\/?page_id=301","title":{"rendered":"Leander Strupler"},"content":{"rendered":"<p><a href=\"http:\/\/struplersport.ch\/wp-content\/uploads\/2010\/09\/strupler_1.jpg\"><img decoding=\"async\" loading=\"lazy\" class=\"alignleft size-medium wp-image-720\" title=\"strupler_1\" src=\"http:\/\/struplersport.ch\/wp-content\/uploads\/2010\/09\/strupler_1-300x199.jpg\" alt=\"strupler_1\" width=\"300\" height=\"199\" srcset=\"https:\/\/struplersport.ch\/wp-content\/uploads\/2010\/09\/strupler_1-300x199.jpg 300w, https:\/\/struplersport.ch\/wp-content\/uploads\/2010\/09\/strupler_1.jpg 977w\" sizes=\"(max-width: 300px) 100vw, 300px\" \/><\/a>Geb. 1. Januar 1984<\/p>\n<p>verantwortlich f\u00fcr die Planung und Umsetzung aller visuellen Kommunikationsmittel von SSC<\/p>\n<p>Inhaber und Gesch\u00e4ftsf\u00fchrer der LS Creative GmbH, Bern<\/p>\n<p>Gesamtverantwortlicher und Organisator von Boxveranstaltungen (u.a. Boxing Day, Bern)<\/p>\n<p>Bacherlor of Science BFH in Business Administration mit Spezialisierung in Strategy &amp; Leadership. Gelernter Grafiker.<\/p>\n<p>CAS Sportanlagen BASPO, Modul Freianlagen, 2019<\/p>\n<p>ehem. Fussballer<\/p>\n","protected":false},"excerpt":{"rendered":"<p>Geb. 1. Januar 1984 verantwortlich f\u00fcr die Planung und Umsetzung aller visuellen Kommunikationsmittel von SSC Inhaber und Gesch\u00e4ftsf\u00fchrer der LS Creative GmbH, Bern Gesamtverantwortlicher und Organisator von Boxveranstaltungen (u.a. Boxing Day, Bern) Bacherlor of Science BFH in Business Administration mit Spezialisierung in Strategy &amp; Leadership. Gelernter Grafiker. CAS Sportanlagen BASPO, Modul Freianlagen, 2019 ehem. Fussballer<\/p>\n","protected":false},"author":2,"featured_media":0,"parent":39,"menu_order":4,"comment_status":"closed","ping_status":"open","template":"","meta":[],"_links":{"self":[{"href":"https:\/\/struplersport.ch\/index.php?rest_route=\/wp\/v2\/pages\/301"}],"collection":[{"href":"https:\/\/struplersport.ch\/index.php?rest_route=\/wp\/v2\/pages"}],"about":[{"href":"https:\/\/struplersport.ch\/index.php?rest_route=\/wp\/v2\/types\/page"}],"author":[{"embeddable":true,"href":"https:\/\/struplersport.ch\/index.php?rest_route=\/wp\/v2\/users\/2"}],"replies":[{"embeddable":true,"href":"https:\/\/struplersport.ch\/index.php?rest_route=%2Fwp%2Fv2%2Fcomments&post=301"}],"version-history":[{"count":29,"href":"https:\/\/struplersport.ch\/index.php?rest_route=\/wp\/v2\/pages\/301\/revisions"}],"predecessor-version":[{"id":812,"href":"https:\/\/struplersport.ch\/index.php?rest_route=\/wp\/v2\/pages\/301\/revisions\/812"}],"up":[{"embeddable":true,"href":"https:\/\/struplersport.ch\/index.php?rest_route=\/wp\/v2\/pages\/39"}],"wp:attachment":[{"href":"https:\/\/struplersport.ch\/index.php?rest_route=%2Fwp%2Fv2%2Fmedia&parent=301"}],"curies":[{"name":"wp","href":"https:\/\/api.w.org\/{rel}","templated":true}]}}