{"id":288,"date":"2010-01-17T16:45:43","date_gmt":"2010-01-17T14:45:43","guid":{"rendered":"http:\/\/struplersport.ch\/v2\/?page_id=288"},"modified":"2026-01-21T13:58:59","modified_gmt":"2026-01-21T12:58:59","slug":"freianlagen","status":"publish","type":"page","link":"https:\/\/struplersport.ch\/?page_id=288","title":{"rendered":"Freianlagen\/Rasensport"},"content":{"rendered":"<ul>\n<li class=\"Titel2\">Testplanung Sportinfrastruktur Allmend Brunau in Z\u00fcrich, Mitglied des Begleit- und Beurteilungsgremiums, Gr\u00fcn Stadt Z\u00fcrich (GSZ), 2025 (laufend)<\/li>\n<li class=\"Titel2\">Richtplanung &#8222;Regionaler Fussballcampus R\u00f6rswil und Beobachtungsstation Bolligen&#8220;, Gutachterverfahren, Bau- und Verkehrsdirektion des Kantons Bern, AGG, Immobilienmanagement, Mitglied Begleitgruppe, 2024 (laufend)<\/li>\n<li class=\"Titel2\">Studie\/Raumprogramm f\u00fcr Infrastrukturgeb\u00e4ude Sportanlagen Moos, Affoltern a.A., Stadtverwaltung Immobilien, 2022<\/li>\n<li>Planung Rasensportfelder Stadt Bern, Potenzial- und Standortevaluation, Stadtplanungsamt Bern, 2022\/23 (mit BHP Raumplan AG)<\/li>\n<li>Gesamtplanung Eichli-Park in Stans, Expertise, Gemeinde Stans und Nidwaldner Kantonalbank, 2020<\/li>\n<li>Wettbewerb Seefeld Horw, Jurymitglied, Gemeinde Horw, 2019\/20<\/li>\n<li>Freianlagen Seefeld, Analyse und Expertenbericht, Gemeinde Horw, Baudepartement, 2019<\/li>\n<li>Neubau Kunstrasenspielfeld, Fachberatung, Gemeinde Baar, Abtl. Liegenschaften\/Sport, 2016<\/li>\n<li>Konzept Rasensport- und Freianlagen der Stadt Burgdorf, Bildungsdirektion, 2014<\/li>\n<li>Entwicklungskonzept Sportzone Fiechten (Rasensport\/Freianlagen), Gemeinde Reinach\/BL, Abt. St\u00e4dtebau,\u00a0Bauten und Sport, 2014<\/li>\n<li>Aussenanlagen SAZ M\u00fclimatt in Windisch-Brugg, Immobilien Kanton Aargau, 2015<\/li>\n<li>Architekturwettbewerb Rasensportzentrum Bern-Bodenweid, Jurymitglied, Stadt Bern\/Hochbauamt, 2013\/14<\/li>\n<li>Konzept\u00a0Freianlagen\u00a0und Sporthallen mit\u00a0Standortevaluation,\u00a0Gemeinde Steffisburg, Gemeinderat\/Abt. Hochbau, 2014<\/li>\n<li>Machbarkeitsstudie Doppelsporthalle mit Leichtathletikanlagen, Rasenspielfeld und Allwetterplatz, Gemeinde Grindelwald, Bauamt, 2012<\/li>\n<li>Bestandesaufnahme und Beurteilung aller\u00a0Spielpl\u00e4tze, Gemeinde Reinach\/BL, Abt. St\u00e4dtebau, Bauten, Sport, 2012<\/li>\n<li>Fachberatung Rasensport-Anlagen der Gemeinde Baar, Abteilung Liegenschaften\/Sport, 2012<\/li>\n<li>Fachberatung Rasensport-Anlagen der Stadt Thun, Amt f\u00fcr Bildung und Sport, 2012<\/li>\n<li>Planung der Erweiterung des H\u00f6hentrainings- und Wettkampfzentrums (HTWZ) St. Moritz, Bauverwaltung, 2008-11<\/li>\n<\/ul>\n","protected":false},"excerpt":{"rendered":"<p>Testplanung Sportinfrastruktur Allmend Brunau in Z\u00fcrich, Mitglied des Begleit- und Beurteilungsgremiums, Gr\u00fcn Stadt Z\u00fcrich (GSZ), 2025 (laufend) Richtplanung &#8222;Regionaler Fussballcampus R\u00f6rswil und Beobachtungsstation Bolligen&#8220;, Gutachterverfahren, Bau- und Verkehrsdirektion des Kantons Bern, AGG, Immobilienmanagement, Mitglied Begleitgruppe, 2024 (laufend) Studie\/Raumprogramm f\u00fcr Infrastrukturgeb\u00e4ude Sportanlagen Moos, Affoltern a.A., Stadtverwaltung Immobilien, 2022 Planung Rasensportfelder Stadt Bern, Potenzial- und Standortevaluation, Stadtplanungsamt [&hellip;]<\/p>\n","protected":false},"author":2,"featured_media":0,"parent":17,"menu_order":16,"comment_status":"closed","ping_status":"open","template":"","meta":[],"_links":{"self":[{"href":"https:\/\/struplersport.ch\/index.php?rest_route=\/wp\/v2\/pages\/288"}],"collection":[{"href":"https:\/\/struplersport.ch\/index.php?rest_route=\/wp\/v2\/pages"}],"about":[{"href":"https:\/\/struplersport.ch\/index.php?rest_route=\/wp\/v2\/types\/page"}],"author":[{"embeddable":true,"href":"https:\/\/struplersport.ch\/index.php?rest_route=\/wp\/v2\/users\/2"}],"replies":[{"embeddable":true,"href":"https:\/\/struplersport.ch\/index.php?rest_route=%2Fwp%2Fv2%2Fcomments&post=288"}],"version-history":[{"count":32,"href":"https:\/\/struplersport.ch\/index.php?rest_route=\/wp\/v2\/pages\/288\/revisions"}],"predecessor-version":[{"id":989,"href":"https:\/\/struplersport.ch\/index.php?rest_route=\/wp\/v2\/pages\/288\/revisions\/989"}],"up":[{"embeddable":true,"href":"https:\/\/struplersport.ch\/index.php?rest_route=\/wp\/v2\/pages\/17"}],"wp:attachment":[{"href":"https:\/\/struplersport.ch\/index.php?rest_route=%2Fwp%2Fv2%2Fmedia&parent=288"}],"curies":[{"name":"wp","href":"https:\/\/api.w.org\/{rel}","templated":true}]}}