{"id":283,"date":"2010-01-17T16:33:18","date_gmt":"2010-01-17T14:33:18","guid":{"rendered":"http:\/\/struplersport.ch\/v2\/?page_id=283"},"modified":"2019-02-21T16:37:47","modified_gmt":"2019-02-21T14:37:47","slug":"sportzentren","status":"publish","type":"page","link":"https:\/\/struplersport.ch\/?page_id=283","title":{"rendered":"Sportzentren"},"content":{"rendered":"<ul>\n<li>Sportzentrum Aegeten Widnau, Entwicklungsstrategie, Gemeinde Widnau, 2015\/16<\/li>\n<li>Sportzentrum H\u00fcssenb\u00fchl Hinwil, Machbarkeitsstudie Sporthalle und Rasenspielfelder, Gemeinde Hinwil, Abt. Liegenschaften, 2015\/16<\/li>\n<li>Neubau <span>Departement f\u00fcr Sport, Bewegung und Gesundheit (DSGB) der Universit\u00e4t Basel, Vorpr\u00fcfung\/Expertise Wettbewerb, Hochbauamu Basel, 2014\/15<br \/>\n<\/span><\/li>\n<li>Nationales Schneesportzentrum NSSZ, Vorevaluation, Kanton Bern, beco, Tourismus und Regionalentwicklung, 2013<\/li>\n<li>Fachberatung f\u00fcr ein Sportzentrum Schwarzsee, Kanton Freiburg, 2011<\/li>\n<li>Sportzentrum Worb AG, Mitglied des Verwaltungsrates, 2010-13<\/li>\n<li>Planung der Erweiterung des H\u00f6hentrainings- und Wettkampfzentrums (HTWZ), Bauverwaltung St. Moritz, 2008-11<\/li>\n<li>Wettbewerb Neubau Hallenbad\/Sportzentrum St. Moritz, Fachpreisrichter, Gemeindevorstand, 2009\/10<\/li>\n<li>Fachberatung f\u00fcr die Planung des Sportzentrum Einsiedeln, Implenia, Dietlikon, 2009<\/li>\n<li>Konzept und Raumprogramm Neubau Hallenbad\/Sportzentrum St. Moritz, Gemeindevorstand, 2008\/09<\/li>\n<\/ul>\n","protected":false},"excerpt":{"rendered":"<p>Sportzentrum Aegeten Widnau, Entwicklungsstrategie, Gemeinde Widnau, 2015\/16 Sportzentrum H\u00fcssenb\u00fchl Hinwil, Machbarkeitsstudie Sporthalle und Rasenspielfelder, Gemeinde Hinwil, Abt. Liegenschaften, 2015\/16 Neubau Departement f\u00fcr Sport, Bewegung und Gesundheit (DSGB) der Universit\u00e4t Basel, Vorpr\u00fcfung\/Expertise Wettbewerb, Hochbauamu Basel, 2014\/15 Nationales Schneesportzentrum NSSZ, Vorevaluation, Kanton Bern, beco, Tourismus und Regionalentwicklung, 2013 Fachberatung f\u00fcr ein Sportzentrum Schwarzsee, Kanton Freiburg, 2011 Sportzentrum [&hellip;]<\/p>\n","protected":false},"author":2,"featured_media":0,"parent":17,"menu_order":1,"comment_status":"closed","ping_status":"open","template":"","meta":[],"_links":{"self":[{"href":"https:\/\/struplersport.ch\/index.php?rest_route=\/wp\/v2\/pages\/283"}],"collection":[{"href":"https:\/\/struplersport.ch\/index.php?rest_route=\/wp\/v2\/pages"}],"about":[{"href":"https:\/\/struplersport.ch\/index.php?rest_route=\/wp\/v2\/types\/page"}],"author":[{"embeddable":true,"href":"https:\/\/struplersport.ch\/index.php?rest_route=\/wp\/v2\/users\/2"}],"replies":[{"embeddable":true,"href":"https:\/\/struplersport.ch\/index.php?rest_route=%2Fwp%2Fv2%2Fcomments&post=283"}],"version-history":[{"count":15,"href":"https:\/\/struplersport.ch\/index.php?rest_route=\/wp\/v2\/pages\/283\/revisions"}],"predecessor-version":[{"id":349,"href":"https:\/\/struplersport.ch\/index.php?rest_route=\/wp\/v2\/pages\/283\/revisions\/349"}],"up":[{"embeddable":true,"href":"https:\/\/struplersport.ch\/index.php?rest_route=\/wp\/v2\/pages\/17"}],"wp:attachment":[{"href":"https:\/\/struplersport.ch\/index.php?rest_route=%2Fwp%2Fv2%2Fmedia&parent=283"}],"curies":[{"name":"wp","href":"https:\/\/api.w.org\/{rel}","templated":true}]}}