{"id":2,"date":"2009-05-27T17:13:33","date_gmt":"2009-05-27T15:13:33","guid":{"rendered":"http:\/\/struplersport.ch\/v2\/?page_id=2"},"modified":"2019-02-22T21:19:30","modified_gmt":"2019-02-22T19:19:30","slug":"about","status":"publish","type":"page","link":"https:\/\/struplersport.ch\/?page_id=2","title":{"rendered":"Sportanlagen"},"content":{"rendered":"<p>Bewegungsraum und Infrastruktur<\/p>\n<h1>Interessengruppen<\/h1>\n<ul>\n<li>Gemeinden<\/li>\n<li>Planungsregionen<\/li>\n<li>Kantone<\/li>\n<li>private Tr\u00e4gerschaften von Sportanlagen<\/li>\n<\/ul>\n<h1>Ihre Bed\u00fcrfnisse und Aufgaben<\/h1>\n<ul>\n<li>Sportanlagen- und Bewegungsraum-Konzepte und Richtplanungen<\/li>\n<li>Neu- und Umbauten (f\u00fcr Realisierung: Zusammenarbeit mit erfahrenen Architekturb\u00fcros oder auf Wunsch mit lokalen Planern)<\/li>\n<li>betriebliche Optimierungen<\/li>\n<li>Attraktivierung bestehender Anlagen (B\u00e4der, Freizeit- und Trendsportanlagen u.a.m.)<\/li>\n<li>Begleiten und jurieren von Architektur-Wettbewerben<\/li>\n<li>Verkehrskonzepte f\u00fcr Sport und Sportveranstaltungen<\/li>\n<li>Einholung von Bewilligungen und Subventionen, Homologierung von Anlagen<\/li>\n<\/ul>\n<h1>Sie profitieren von meinem Know-how&#8230;<\/h1>\n<ul>\n<li>aus meiner Mitarbeit in rund 2600 Sportanlagen-Projekten in der ganzen Schweiz<\/li>\n<li>als Dozent Sportanlagenplanung im Nachdiplomlehrgang (CAS) des Bundesamtes f\u00fcr Sport Magglingen (BASPO) und ehemals am Institut f\u00fcr Sportwissenschaft der Universit\u00e4t Bern (ISPW)<\/li>\n<li>als vielseitiger, regelm\u00e4ssiger Nutzer von Sportanlagen in verschiedenen Funktionen (Trainer, Lehrer, Breiten- und Spitzensportler)<\/li>\n<li>als fr\u00fcherer Verwaltungsrat der Wislepark AG, Sportzentrum in Worb<\/li>\n<li>als ehemaliger Co-Projektleiter von &#8222;Sportlich zum Sport&#8220; (Projekt f\u00fcr umweltfreundlichen Sportverkehr im Kanton Bern)<\/li>\n<\/ul>\n","protected":false},"excerpt":{"rendered":"<p>Bewegungsraum und Infrastruktur Interessengruppen Gemeinden Planungsregionen Kantone private Tr\u00e4gerschaften von Sportanlagen Ihre Bed\u00fcrfnisse und Aufgaben Sportanlagen- und Bewegungsraum-Konzepte und Richtplanungen Neu- und Umbauten (f\u00fcr Realisierung: Zusammenarbeit mit erfahrenen Architekturb\u00fcros oder auf Wunsch mit lokalen Planern) betriebliche Optimierungen Attraktivierung bestehender Anlagen (B\u00e4der, Freizeit- und Trendsportanlagen u.a.m.) Begleiten und jurieren von Architektur-Wettbewerben Verkehrskonzepte f\u00fcr Sport und Sportveranstaltungen [&hellip;]<\/p>\n","protected":false},"author":1,"featured_media":0,"parent":0,"menu_order":0,"comment_status":"closed","ping_status":"closed","template":"","meta":[],"_links":{"self":[{"href":"https:\/\/struplersport.ch\/index.php?rest_route=\/wp\/v2\/pages\/2"}],"collection":[{"href":"https:\/\/struplersport.ch\/index.php?rest_route=\/wp\/v2\/pages"}],"about":[{"href":"https:\/\/struplersport.ch\/index.php?rest_route=\/wp\/v2\/types\/page"}],"author":[{"embeddable":true,"href":"https:\/\/struplersport.ch\/index.php?rest_route=\/wp\/v2\/users\/1"}],"replies":[{"embeddable":true,"href":"https:\/\/struplersport.ch\/index.php?rest_route=%2Fwp%2Fv2%2Fcomments&post=2"}],"version-history":[{"count":21,"href":"https:\/\/struplersport.ch\/index.php?rest_route=\/wp\/v2\/pages\/2\/revisions"}],"predecessor-version":[{"id":5,"href":"https:\/\/struplersport.ch\/index.php?rest_route=\/wp\/v2\/pages\/2\/revisions\/5"}],"wp:attachment":[{"href":"https:\/\/struplersport.ch\/index.php?rest_route=%2Fwp%2Fv2%2Fmedia&parent=2"}],"curies":[{"name":"wp","href":"https:\/\/api.w.org\/{rel}","templated":true}]}}