{"id":12,"date":"2009-06-04T14:34:13","date_gmt":"2009-06-04T12:34:13","guid":{"rendered":"http:\/\/struplersport.ch\/v2\/?page_id=12"},"modified":"2019-02-22T21:34:24","modified_gmt":"2019-02-22T19:34:24","slug":"sportorganisationen","status":"publish","type":"page","link":"https:\/\/struplersport.ch\/?page_id=12","title":{"rendered":"Sportorganisationen"},"content":{"rendered":"<p class=\"MsoNormal\">Vereine, Verb\u00e4nde und alle anderen Sport-Tr\u00e4gerschaften<\/p>\n<h1 class=\"MsoNormal\">Interessengruppen<\/h1>\n<ul>\n<li>Sportverb\u00e4nde und -vereine<\/li>\n<li>gemeinn\u00fctzige und gewinnorientierte Tr\u00e4gerschaften im Sport<\/li>\n<\/ul>\n<h1 class=\"MsoNormal\">Ihre Bed\u00fcrfnisse und Aufgaben<\/h1>\n<ul>\n<li>Aufbau kommunaler Netzwerke f\u00fcr Sport und Bewegung<\/li>\n<li>Optimieren von Strukturen und Organisation<\/li>\n<li>Anl\u00e4sse und Events f\u00fcr die Mitglieder und Mitarbeitende<\/li>\n<li>Finanzierung und Subventionierung<\/li>\n<li>Tr\u00e4gerschaftsmodelle, Zusammenarbeitsformen, Zusammenschl\u00fcsse von Vereinen<\/li>\n<li>Weiterbildung f\u00fcr Funktion\u00e4re und Leitende<\/li>\n<li>Organisation von Trainingslagern im In- und Ausland<\/li>\n<\/ul>\n<p class=\"MsoNormal\"><strong>Sie profitieren von meinem Know-how&#8230;<\/strong><\/p>\n<p>und meinen vielf\u00e4ltigen und langj\u00e4hrigen Erfahrungen in den verschiedensten Funktionen auf allen Stufen des Vereins- und Verbandssports<\/p>\n<p>aktuell als Ausbilder im Handball (J+S-Experte), in der Trainerausbildung des Schweiz.  Handballverbandes sowie als Trainer der U11-U15 im TV L\u00e4nggasse Bern und Kinderhandball im freiwilligen Schulsport<\/p>\n<p>fr\u00fcher<\/p>\n<ul>\n<li>Mitglied des Zentralvorstands des Schweiz. Handballverbandes und strategischer Leiter &#8222;Handballf\u00f6rderung&#8220;<\/li>\n<li>Dozent am Institut f\u00fcr Sportwissenschaft der Universit\u00e4t Bern<\/li>\n<li>Gesch\u00e4ftsf\u00fchrer, Ausbildungschef und TK-Pr\u00e4sident des Interverbandes f\u00fcr Schwimmen (Dachverband Schwimmsport)<\/li>\n<li>Ausbilder im Kindersport (Aus- und Weiterbildungen f\u00fcr J+S-ExpertInnen)<\/li>\n<li>Ausbildungschef Wasserspringen des Schweizerischen Schwimmverbandes<\/li>\n<li>Vorstandsmitglied und Vereinspr\u00e4sident in mehreren Klubs<\/li>\n<li>Trainer verschiedener Handball-Nationalligateams<\/li>\n<li>Aktiver im Spitzen- und Breitensport<\/li>\n<\/ul>\n","protected":false},"excerpt":{"rendered":"<p>Vereine, Verb\u00e4nde und alle anderen Sport-Tr\u00e4gerschaften Interessengruppen Sportverb\u00e4nde und -vereine gemeinn\u00fctzige und gewinnorientierte Tr\u00e4gerschaften im Sport Ihre Bed\u00fcrfnisse und Aufgaben Aufbau kommunaler Netzwerke f\u00fcr Sport und Bewegung Optimieren von Strukturen und Organisation Anl\u00e4sse und Events f\u00fcr die Mitglieder und Mitarbeitende Finanzierung und Subventionierung Tr\u00e4gerschaftsmodelle, Zusammenarbeitsformen, Zusammenschl\u00fcsse von Vereinen Weiterbildung f\u00fcr Funktion\u00e4re und Leitende Organisation von [&hellip;]<\/p>\n","protected":false},"author":2,"featured_media":0,"parent":0,"menu_order":15,"comment_status":"closed","ping_status":"open","template":"","meta":[],"_links":{"self":[{"href":"https:\/\/struplersport.ch\/index.php?rest_route=\/wp\/v2\/pages\/12"}],"collection":[{"href":"https:\/\/struplersport.ch\/index.php?rest_route=\/wp\/v2\/pages"}],"about":[{"href":"https:\/\/struplersport.ch\/index.php?rest_route=\/wp\/v2\/types\/page"}],"author":[{"embeddable":true,"href":"https:\/\/struplersport.ch\/index.php?rest_route=\/wp\/v2\/users\/2"}],"replies":[{"embeddable":true,"href":"https:\/\/struplersport.ch\/index.php?rest_route=%2Fwp%2Fv2%2Fcomments&post=12"}],"version-history":[{"count":14,"href":"https:\/\/struplersport.ch\/index.php?rest_route=\/wp\/v2\/pages\/12\/revisions"}],"predecessor-version":[{"id":93,"href":"https:\/\/struplersport.ch\/index.php?rest_route=\/wp\/v2\/pages\/12\/revisions\/93"}],"wp:attachment":[{"href":"https:\/\/struplersport.ch\/index.php?rest_route=%2Fwp%2Fv2%2Fmedia&parent=12"}],"curies":[{"name":"wp","href":"https:\/\/api.w.org\/{rel}","templated":true}]}}