{"id":117,"date":"2009-10-04T19:33:27","date_gmt":"2009-10-04T17:33:27","guid":{"rendered":"http:\/\/struplersport.ch\/v2\/?page_id=117"},"modified":"2026-01-21T13:30:50","modified_gmt":"2026-01-21T12:30:50","slug":"organisation-betrieb-von-sportanlagen","status":"publish","type":"page","link":"https:\/\/struplersport.ch\/?page_id=117","title":{"rendered":"Organisation &#038; Betrieb von Sportanlagen"},"content":{"rendered":"<p>&nbsp;<\/p>\n<ul>\n<li>Mitarbeit am Konzept zur besseren Auslastung der Eventressourcen, Sportentwicklung Adelboden, Skiweltcup Adelboden AG, 2016\/17<\/li>\n<li>F\u00f6rderung gr\u00f6sserer Sportveranstaltungen im Kanton Bern (Projektteam), beco Kanton Bern, 2011 (laufend)<\/li>\n<li>Alternative Tr\u00e4gerschaftsmodelle f\u00fcr die kommunalen\u00a0Sportanlagen, Schulgemeinde und Polit. Gemeinde K\u00fcsnacht\/ZH, Abteilung Liegenschaften, 2011\/12<\/li>\n<li>Vorabkl\u00e4rungen f\u00fcr eine allf\u00e4llige schweiz. Olympiakandidatur 2022, beco Kanton Bern, 2011<\/li>\n<li>Studie zur Realisierung einer Betriebs-AG f\u00fcr alle Sport- und Freizeitanlagen\u00a0 in der Stadt Zug, Sportamt der Stadt Zug, 2008\/09<\/li>\n<li>Gesamtschweizerische Marktabkl\u00e4rung f\u00fcr einen Hallenreinigungs-Roboter,\u00a0Infrasport AG, Zullwil, 2006<\/li>\n<li>Fachberatung f\u00fcr ein neues Tr\u00e4gerschaftsmodell und Betriebskonzept f\u00fcr die Sportanlagen Hofmatt\u00a0(u.a. mit Eishalle, Freischwimmbad) in Worb (Planungsteam), Gemeinderat Worb, 2006<\/li>\n<li>Betriebskonzept Sportzentrum Gstaad AG, Verwaltungsrat, 2004<\/li>\n<\/ul>\n","protected":false},"excerpt":{"rendered":"<p>&nbsp; Mitarbeit am Konzept zur besseren Auslastung der Eventressourcen, Sportentwicklung Adelboden, Skiweltcup Adelboden AG, 2016\/17 F\u00f6rderung gr\u00f6sserer Sportveranstaltungen im Kanton Bern (Projektteam), beco Kanton Bern, 2011 (laufend) Alternative Tr\u00e4gerschaftsmodelle f\u00fcr die kommunalen\u00a0Sportanlagen, Schulgemeinde und Polit. Gemeinde K\u00fcsnacht\/ZH, Abteilung Liegenschaften, 2011\/12 Vorabkl\u00e4rungen f\u00fcr eine allf\u00e4llige schweiz. Olympiakandidatur 2022, beco Kanton Bern, 2011 Studie zur Realisierung einer [&hellip;]<\/p>\n","protected":false},"author":2,"featured_media":0,"parent":17,"menu_order":20,"comment_status":"closed","ping_status":"closed","template":"","meta":[],"_links":{"self":[{"href":"https:\/\/struplersport.ch\/index.php?rest_route=\/wp\/v2\/pages\/117"}],"collection":[{"href":"https:\/\/struplersport.ch\/index.php?rest_route=\/wp\/v2\/pages"}],"about":[{"href":"https:\/\/struplersport.ch\/index.php?rest_route=\/wp\/v2\/types\/page"}],"author":[{"embeddable":true,"href":"https:\/\/struplersport.ch\/index.php?rest_route=\/wp\/v2\/users\/2"}],"replies":[{"embeddable":true,"href":"https:\/\/struplersport.ch\/index.php?rest_route=%2Fwp%2Fv2%2Fcomments&post=117"}],"version-history":[{"count":16,"href":"https:\/\/struplersport.ch\/index.php?rest_route=\/wp\/v2\/pages\/117\/revisions"}],"predecessor-version":[{"id":983,"href":"https:\/\/struplersport.ch\/index.php?rest_route=\/wp\/v2\/pages\/117\/revisions\/983"}],"up":[{"embeddable":true,"href":"https:\/\/struplersport.ch\/index.php?rest_route=\/wp\/v2\/pages\/17"}],"wp:attachment":[{"href":"https:\/\/struplersport.ch\/index.php?rest_route=%2Fwp%2Fv2%2Fmedia&parent=117"}],"curies":[{"name":"wp","href":"https:\/\/api.w.org\/{rel}","templated":true}]}}