{"id":104,"date":"2009-10-01T11:25:16","date_gmt":"2009-10-01T09:25:16","guid":{"rendered":"http:\/\/struplersport.ch\/v2\/?page_id=104"},"modified":"2026-01-21T13:27:20","modified_gmt":"2026-01-21T12:27:20","slug":"bewegungsraum-sportanlagen-konzepte","status":"publish","type":"page","link":"https:\/\/struplersport.ch\/","title":{"rendered":"Bewegungsraum- &#038; Sportanlagen-Konzepte"},"content":{"rendered":"<ul>\n<li>Freianlagenkonzept Binningen, Bestandes- und Bedarfsanalyse, Gemeinde Binningen (BL), 2025(laufend), mit Inderm\u00fchle Projektentwicklung GmbH<\/li>\n<li>Gemeindesportanlagenkonzept Binningen, Modul B: Bedarfsanalyse Schwimm- und Sporthalle, Gemeinde Binningen (BL), 2024, mit Inderm\u00fchle Projektentwicklung GmbH<\/li>\n<li>Regionales Sportanlagenkonzept &#8222;Baden Regio&#8220;, Planungsverband Gemeinden Region Baden-Wettingen, 2024 (laufend) mit Kontextplan AG<\/li>\n<li>Gemeindesportanlagenkonzept Zurzach, Gemeinde Zurzach, Abteilung Bewegung, Sport, Freizeit , 2024 mit Kontextplan AG<\/li>\n<li>Bewegungsraum- und Sportanlagenkonzept der Stadt Weinfelden, fachliche Unterst\u00fctzung bei Ausschreibung und Vergabe, Sportsekretariat Stadt Weinfelden, 2024<\/li>\n<li>Regionaler Richtplan Sport, Regionalkonferenz Bern-Mittelland (RKBM), mit georegio AG (Burgdorf), 2022 (vorl\u00e4ufig sistiert)<\/li>\n<li>Bewegungsraum- und Sportanlagenkonzept der Stadt Illnau-Effretikon, 1. Teil Bestandesaufnahme, Gemeindeverwaltung Hochbau, 2022<\/li>\n<li>Sportanlagenkonzept der Stadt Dietikon, Pr\u00e4sidialdirektion, 2020-21<\/li>\n<li>Gemeindesportanlagenkonzept Herrliberg (nur Bestandesaufnahme), Liegenschaften Gemeinde Herrliberg, 2020<\/li>\n<li>Neugestaltung Dorfzentrum Wengen, Experte Sport- und Freizeitanlagen, Wengen Tourismus, 2020 (mit Fl\u00fcck Studer GmbH, Spiez)<\/li>\n<li>Leitfaden 011, Autor der Empfehlungen &#8222;Gemeinde-Sportanlagenkonzepte&#8220;, Bundesamt f\u00fcr Sport, Fachstelle Sportanlagen, 2019\/20<\/li>\n<li>Gemeindesportanlagenkonzept Koppigen, Gemeinde Koppigen, Projekt Vision 2022, 2019\/20<\/li>\n<li>Bedarfsanalyse regionaler Sportanlagen, Fachberatung, REPLA espace Solothurn, 2018\/19<\/li>\n<li>Aktualisierung des Gesamtkonzepts f\u00fcr Sport- und Bewegungsr\u00e4ume (KSB) 2008 f\u00fcr die Stadt Thun, Stadt Thun, Amt f\u00fcr Bildung und Sport, 2018<\/li>\n<li>Gemeindesportanlagenkonzept Schwyz, Gemeinde Schwyz, Sportkommission, 2016-2018<\/li>\n<li>Referat zu einem kantonalen Sportanlagenkonzept am Sportforum Nidwalden, Kanton Nidwalden, Abt. Sport, 2017<\/li>\n<li>Gemeindesportanlagenkonzept Adliswil, Stadt Adliswil, Sport\/Sportanlagen, 2016\/17<\/li>\n<li>Starke Sportregion Sursee-Mittelland, Raum f\u00fcr Bewegung, Sport, Freizeit und Gesundheit, Regionalentwicklung RET (Gemeindeverband), 2015-2017 (mit Planteam S, Luzern)<\/li>\n<li>Gesamtkonzept Bewegungsraum und Sportanlagen der Gemeinde Konolfingen, Gemeinderat\/Abteilung Bau, 2015\/16<\/li>\n<li>Gesamtkonzept Bewegungsraum und Sportanlagen, Gemeinde Hinwil, Gemeinderat\/Abt. Liegenschaften, 2014\/15<\/li>\n<li>Nutzungsplanung Stadt Aarau, Mitarbeit &#8222;Sportanlagen\/Bewegungsraum&#8220; mit Planteam S AG, Solothurn, 2014<\/li>\n<li>Sportraumkonzept Schulareal Weiermatten\/Egerten\/Bachmatten, Gemeinde\u00a0Reinach\/BL,\u00a0Abt. St\u00e4dtebau, Bauten, Sport, 2014 (mit BHP Raumplan, Bern)<\/li>\n<li>Sportanlagen- und Bewegungsraum-Konzept Wald\/ZH, Gemeinderat\/Abt. Sicherheit und Gesundheit, 2013\/14<\/li>\n<li>Gemeindesportanlagenkonzept Reinach BL, Gemeinderat\/Abt. St\u00e4dtebau, Bauten, Sport, 2012 (mit BHP Raumplan, Bern)<\/li>\n<li>Infrastrukturplanung Sport \/ Erweiterung H\u00f6hentrainingszentrum, St. Moritz, Fachberatung, Gemeinde\/Bauverwaltung, 2010-12<\/li>\n<li>Gesamtkonzept &#8222;Bewegungsraum und Sportanlagen der Stadt Langenthal&#8220;, Gemeinderat\/Bauamt, 2011<\/li>\n<li>Gesamtkonzept f\u00fcr Sportanlagen und Bewegungsr\u00e4ume f\u00fcr die Stadt Zug, Sportamt, 2009\/10<\/li>\n<li>Gesamtkonzept f\u00fcr Sportanlagen und Bewegungsr\u00e4ume f\u00fcr die Gemeinde Baar,<br \/>\nAbt. Liegenschaften\/Sport, 2009\/10<\/li>\n<li>\u201eAarfit&#8220;, Bewegungsraum- und Sportanlagenkonzept f\u00fcr die Gemeinde Aarberg, Gemeinderat\/Bauverwaltung, 2008\/09<\/li>\n<li>Gesamtkonzept \u201eEis&amp;Wasser&#8220; f\u00fcr die Stadt Bern, Stadtbauten Bern, 2008 (Planungsteam)<\/li>\n<li>Gesamtkonzept f\u00fcr Sport- und Bewegungsr\u00e4ume (KSB) f\u00fcr die Stadt Thun, Sportamt, 2007\/08<\/li>\n<li>Gesamtkonzept \u201eBewegungsraum und Sportanlagen&#8220; f\u00fcr die Gemeinde Worb, Gemeinderat, 2007<\/li>\n<li>Gemeinde-Sportanlagenkonzept (GESAK) f\u00fcr die Gemeinde Dotzigen, Gemeinderat, 2006<\/li>\n<li>Lokales Bewegungs- und Sportnetz (LBS) Herzogenbuchsee mit Zustands- und Nutzungserhebung aller Sportanlagen, Gemeinderat, 2005<\/li>\n<li>GESAK f\u00fcr die Gemeinde Saanen\/Gstaad, gemeinsame Semesterarbeit mit den<br \/>\nSport-Studierenden am ISSW der Universit\u00e4t Bern, 1999<\/li>\n<li>Kantonales KUSPO-Konzept Bern: Planungs-Begleitung, Mit-Finanzierung, Umsetzung mit den polysportiven Sportzentren Sumiswald, M\u00fcrren, Langenthal, Lyss und Huttwil, Erziehungsdirektion des Kantons Bern, 1994 u.f.<\/li>\n<\/ul>\n","protected":false},"excerpt":{"rendered":"<p>Freianlagenkonzept Binningen, Bestandes- und Bedarfsanalyse, Gemeinde Binningen (BL), 2025(laufend), mit Inderm\u00fchle Projektentwicklung GmbH Gemeindesportanlagenkonzept Binningen, Modul B: Bedarfsanalyse Schwimm- und Sporthalle, Gemeinde Binningen (BL), 2024, mit Inderm\u00fchle Projektentwicklung GmbH Regionales Sportanlagenkonzept &#8222;Baden Regio&#8220;, Planungsverband Gemeinden Region Baden-Wettingen, 2024 (laufend) mit Kontextplan AG Gemeindesportanlagenkonzept Zurzach, Gemeinde Zurzach, Abteilung Bewegung, Sport, Freizeit , 2024 mit Kontextplan AG [&hellip;]<\/p>\n","protected":false},"author":2,"featured_media":0,"parent":17,"menu_order":0,"comment_status":"closed","ping_status":"open","template":"","meta":[],"_links":{"self":[{"href":"https:\/\/struplersport.ch\/index.php?rest_route=\/wp\/v2\/pages\/104"}],"collection":[{"href":"https:\/\/struplersport.ch\/index.php?rest_route=\/wp\/v2\/pages"}],"about":[{"href":"https:\/\/struplersport.ch\/index.php?rest_route=\/wp\/v2\/types\/page"}],"author":[{"embeddable":true,"href":"https:\/\/struplersport.ch\/index.php?rest_route=\/wp\/v2\/users\/2"}],"replies":[{"embeddable":true,"href":"https:\/\/struplersport.ch\/index.php?rest_route=%2Fwp%2Fv2%2Fcomments&post=104"}],"version-history":[{"count":61,"href":"https:\/\/struplersport.ch\/index.php?rest_route=\/wp\/v2\/pages\/104\/revisions"}],"predecessor-version":[{"id":980,"href":"https:\/\/struplersport.ch\/index.php?rest_route=\/wp\/v2\/pages\/104\/revisions\/980"}],"up":[{"embeddable":true,"href":"https:\/\/struplersport.ch\/index.php?rest_route=\/wp\/v2\/pages\/17"}],"wp:attachment":[{"href":"https:\/\/struplersport.ch\/index.php?rest_route=%2Fwp%2Fv2%2Fmedia&parent=104"}],"curies":[{"name":"wp","href":"https:\/\/api.w.org\/{rel}","templated":true}]}}