{"id":10,"date":"2009-06-04T14:33:41","date_gmt":"2009-06-04T12:33:41","guid":{"rendered":"http:\/\/struplersport.ch\/v2\/?page_id=10"},"modified":"2019-02-21T18:56:00","modified_gmt":"2019-02-21T16:56:00","slug":"sport-in-der-schule","status":"publish","type":"page","link":"https:\/\/struplersport.ch\/?page_id=10","title":{"rendered":"Sport in der Schule"},"content":{"rendered":"<p>Bewegte Schule<\/p>\n<h1>Interessengruppen<\/h1>\n<ul>\n<li>Schulen aller Stufen<\/li>\n<li>Institutionen f\u00fcr die Aus- und Weiterbildung von Lehrkr\u00e4ften<\/li>\n<\/ul>\n<h1 class=\"MsoNormal\">Ihre Bed\u00fcrfnisse und Aufgaben<\/h1>\n<p class=\"MsoNormal\">\n<ul>\n<li>Qualit\u00e4tssicherung im Sportunterricht<\/li>\n<li>Sportlager, -tage und -events<\/li>\n<li>Projektwochen mit Bewegung und Sport<\/li>\n<li>bewegungsgerechte Gestaltung von Pausenpl\u00e4tzen<\/li>\n<li>F\u00f6rderung sportbegabter Sch\u00fclerinnen und Sch\u00fcler<\/li>\n<li>freiwilliger Schulsport<\/li>\n<li>Aufbau kommunaler Netzwerke f\u00fcr Sport und Bewegung<\/li>\n<\/ul>\n<p class=\"MsoNormal\"><strong>Sie profitieren von meinem Know-how&#8230;<\/strong><\/p>\n<ul>\n<li>in der Leitung und Organisation von polysportiven und sportartspezifischen Feriensportkursen<\/li>\n<li>als Turn- und Sportlehrer, als ehemaliger Dozent am Institut f\u00fcr Sportwissenschaft der Universit\u00e4t Bern sowie als Leiter im freiwilligen Schulsport<\/li>\n<li>als ehemaliger Vorsteher des Amtes f\u00fcr Sport des Kantons Bern und Direktionsmitglied des Bildungsdepartementes<\/li>\n<li>als Berater von Gemeinden bei der Planung und Gestaltung von Schulsportanlagen und Pausenpl\u00e4tzen<\/li>\n<li>in der Leitung der sportbezogenen Weiterbildung f\u00fcr die Schulinspektorate (bis 2003)<\/li>\n<li>aus der Mitarbeit in der F\u00fchrung verschiedener Begabtenf\u00f6rderungsprojekte (bis 2003)<\/li>\n<\/ul>\n","protected":false},"excerpt":{"rendered":"<p>Bewegte Schule Interessengruppen Schulen aller Stufen Institutionen f\u00fcr die Aus- und Weiterbildung von Lehrkr\u00e4ften Ihre Bed\u00fcrfnisse und Aufgaben Qualit\u00e4tssicherung im Sportunterricht Sportlager, -tage und -events Projektwochen mit Bewegung und Sport bewegungsgerechte Gestaltung von Pausenpl\u00e4tzen F\u00f6rderung sportbegabter Sch\u00fclerinnen und Sch\u00fcler freiwilliger Schulsport Aufbau kommunaler Netzwerke f\u00fcr Sport und Bewegung Sie profitieren von meinem Know-how&#8230; in der [&hellip;]<\/p>\n","protected":false},"author":2,"featured_media":0,"parent":0,"menu_order":10,"comment_status":"closed","ping_status":"open","template":"","meta":[],"_links":{"self":[{"href":"https:\/\/struplersport.ch\/index.php?rest_route=\/wp\/v2\/pages\/10"}],"collection":[{"href":"https:\/\/struplersport.ch\/index.php?rest_route=\/wp\/v2\/pages"}],"about":[{"href":"https:\/\/struplersport.ch\/index.php?rest_route=\/wp\/v2\/types\/page"}],"author":[{"embeddable":true,"href":"https:\/\/struplersport.ch\/index.php?rest_route=\/wp\/v2\/users\/2"}],"replies":[{"embeddable":true,"href":"https:\/\/struplersport.ch\/index.php?rest_route=%2Fwp%2Fv2%2Fcomments&post=10"}],"version-history":[{"count":12,"href":"https:\/\/struplersport.ch\/index.php?rest_route=\/wp\/v2\/pages\/10\/revisions"}],"predecessor-version":[{"id":89,"href":"https:\/\/struplersport.ch\/index.php?rest_route=\/wp\/v2\/pages\/10\/revisions\/89"}],"wp:attachment":[{"href":"https:\/\/struplersport.ch\/index.php?rest_route=%2Fwp%2Fv2%2Fmedia&parent=10"}],"curies":[{"name":"wp","href":"https:\/\/api.w.org\/{rel}","templated":true}]}}